{"id":237,"date":"2023-08-01T15:36:24","date_gmt":"2023-08-01T13:36:24","guid":{"rendered":"https:\/\/www.atlanthal.com\/actualites\/"},"modified":"2026-05-05T11:16:18","modified_gmt":"2026-05-05T09:16:18","slug":"news","status":"publish","type":"page","link":"https:\/\/www.atlanthal.com\/en\/actualites\/","title":{"rendered":"Tips &amp; News"},"content":{"rendered":"\t\t<div data-elementor-type=\"wp-page\" data-elementor-id=\"237\" class=\"elementor elementor-237\" data-elementor-post-type=\"page\">\n\t\t\t\t<div class=\"elementor-element elementor-element-47252dc1 e-con-full e-flex e-con e-parent\" data-id=\"47252dc1\" data-element_type=\"container\" data-e-type=\"container\" data-settings=\"{&quot;background_background&quot;:&quot;classic&quot;}\">\n\t\t<div class=\"elementor-element elementor-element-2783d522 e-flex e-con-boxed e-con e-child\" data-id=\"2783d522\" data-element_type=\"container\" data-e-type=\"container\">\n\t\t\t\t\t<div class=\"e-con-inner\">\n\t\t\t\t<div class=\"elementor-element elementor-element-7c4d4080 elementor-widget elementor-widget-heading\" data-id=\"7c4d4080\" data-element_type=\"widget\" data-e-type=\"widget\" data-widget_type=\"heading.default\">\n\t\t\t\t<div class=\"elementor-widget-container\">\n\t\t\t\t\t<h1 class=\"elementor-heading-title elementor-size-default\">Conseils &amp; Actualit\u00e9s<\/h1>\t\t\t\t<\/div>\n\t\t\t\t<\/div>\n\t\t\t\t<div class=\"elementor-element elementor-element-70b5811c elementor-view-default elementor-widget elementor-widget-icon\" data-id=\"70b5811c\" data-element_type=\"widget\" data-e-type=\"widget\" data-widget_type=\"icon.default\">\n\t\t\t\t<div class=\"elementor-widget-container\">\n\t\t\t\t\t\t\t<div class=\"elementor-icon-wrapper\">\n\t\t\t<div class=\"elementor-icon\">\n\t\t\t<svg xmlns=\"http:\/\/www.w3.org\/2000\/svg\" width=\"4721\" height=\"1024\" viewBox=\"0 0 4721 1024\"><title><\/title><g id=\"icomoon-ignore\"><\/g><path d=\"M4719.542 686.137c-14.578-16.391-29.63-30.797-45.731-43.933l-0.218-0.176c-122.573-60.482-570.066-175.569-966.051-221.99-367.583-47.829-787.155-60.53-1213.579-30.621-77.228 5.417-154.039 12.186-230.41 20.283l11.070-1.091c-681.528 68.27-1275.654 115.060-1579.65 85.212-377.404-36.852-611.317-125.343-675.959-162.385l-7.504 2.445c141.201 115.371 309.437 199.358 492.55 241.439l8.695 1.64c377.96 99.496 793.208 119.621 1398.815 54.117 647.481-70.36 1808.145-238.118 2823.135 70.626z\"><\/path><\/svg>\t\t\t<\/div>\n\t\t<\/div>\n\t\t\t\t\t\t<\/div>\n\t\t\t\t<\/div>\n\t\t\t\t\t<\/div>\n\t\t\t\t<\/div>\n\t\t\t\t<\/div>\n\t\t<div class=\"elementor-element elementor-element-35dc1a90 e-flex e-con-boxed e-con e-parent\" data-id=\"35dc1a90\" data-element_type=\"container\" data-e-type=\"container\">\n\t\t\t\t\t<div class=\"e-con-inner\">\n\t\t\t\t<div class=\"elementor-element elementor-element-3d174386 elementor-widget elementor-widget-heading\" data-id=\"3d174386\" data-element_type=\"widget\" data-e-type=\"widget\" data-widget_type=\"heading.default\">\n\t\t\t\t<div class=\"elementor-widget-container\">\n\t\t\t\t\t<h2 class=\"elementor-heading-title elementor-size-default\"><div data-id=\"3d174386\" data-element_type=\"widget\" data-widget_type=\"heading.default\" style=\"align-self: auto;flex: 0 1 auto;align-items: normal;flex-flow: row;gap: 10px;--swiper-theme-color: #000;--swiper-navigation-size: 44px;--swiper-pagination-bullet-size: 6px;--swiper-pagination-bullet-horizontal-gap: 6px;margin-bottom: 0px;--kit-widget-spacing: 0px;max-width: 100%;, sans-serif;font-size: 18px;text-transform: none\"><div style=\"height: 42px\"><h2 data-elementor-setting-key=\"title\" data-pen-placeholder=\"\u00c9crivez ici...\" style=\", sans-serif;font-weight: 400;line-height: 42px;font-size: 35px;text-transform: uppercase\">Conseils &amp; Actualit\u00e9s<span><\/span><\/h2><\/div><\/div><\/h2>\t\t\t\t<\/div>\n\t\t\t\t<\/div>\n\t\t\t\t<div class=\"elementor-element elementor-element-159fea79 elementor-view-default elementor-widget elementor-widget-icon\" data-id=\"159fea79\" data-element_type=\"widget\" data-e-type=\"widget\" data-widget_type=\"icon.default\">\n\t\t\t\t<div class=\"elementor-widget-container\">\n\t\t\t\t\t\t\t<div class=\"elementor-icon-wrapper\">\n\t\t\t<div class=\"elementor-icon\">\n\t\t\t<svg xmlns=\"http:\/\/www.w3.org\/2000\/svg\" width=\"4721\" height=\"1024\" viewBox=\"0 0 4721 1024\"><title><\/title><g id=\"icomoon-ignore\"><\/g><path d=\"M4719.542 686.137c-14.578-16.391-29.63-30.797-45.731-43.933l-0.218-0.176c-122.573-60.482-570.066-175.569-966.051-221.99-367.583-47.829-787.155-60.53-1213.579-30.621-77.228 5.417-154.039 12.186-230.41 20.283l11.070-1.091c-681.528 68.27-1275.654 115.060-1579.65 85.212-377.404-36.852-611.317-125.343-675.959-162.385l-7.504 2.445c141.201 115.371 309.437 199.358 492.55 241.439l8.695 1.64c377.96 99.496 793.208 119.621 1398.815 54.117 647.481-70.36 1808.145-238.118 2823.135 70.626z\"><\/path><\/svg>\t\t\t<\/div>\n\t\t<\/div>\n\t\t\t\t\t\t<\/div>\n\t\t\t\t<\/div>\n\t\t\t\t<div class=\"elementor-element elementor-element-18317cf2 elementor-widget__width-initial elementor-widget elementor-widget-text-editor\" data-id=\"18317cf2\" data-element_type=\"widget\" data-e-type=\"widget\" data-widget_type=\"text-editor.default\">\n\t\t\t\t<div class=\"elementor-widget-container\">\n\t\t\t\t\t\t\t\t\t<div class=\"elementor-element elementor-element-35dc1a90 e-flex e-con-boxed e-con e-parent e-lazyloaded\" data-id=\"35dc1a90\" data-element_type=\"container\"><div class=\"e-con-inner\"><div class=\"elementor-element elementor-element-18317cf2 elementor-widget__width-initial elementor-widget elementor-widget-text-editor\" data-id=\"18317cf2\" data-element_type=\"widget\" data-widget_type=\"text-editor.default\"><div class=\"elementor-widget-container\"><p>D\u00e9couvrez toutes les actualit\u00e9s et les conseils de Belha Collection et des \u00e9tablissements du groupe<\/p><\/div><\/div><\/div><\/div>\t\t\t\t\t\t\t\t<\/div>\n\t\t\t\t<\/div>\n\t\t\t\t\t<\/div>\n\t\t\t\t<\/div>\n\t\t<div class=\"elementor-element elementor-element-39cc9173 e-flex e-con-boxed e-con e-parent\" data-id=\"39cc9173\" data-element_type=\"container\" data-e-type=\"container\">\n\t\t\t\t\t<div class=\"e-con-inner\">\n\t\t<div class=\"elementor-element elementor-element-31d1bcb e-flex e-con-boxed e-con e-child\" data-id=\"31d1bcb\" data-element_type=\"container\" data-e-type=\"container\">\n\t\t\t\t\t<div class=\"e-con-inner\">\n\t\t\t\t<div class=\"elementor-element elementor-element-1c06ebb elementor-grid-3 elementor-grid-tablet-2 elementor-grid-mobile-1 elementor-widget elementor-widget-loop-grid\" data-id=\"1c06ebb\" data-element_type=\"widget\" data-e-type=\"widget\" data-settings=\"{&quot;template_id&quot;:&quot;76&quot;,&quot;pagination_type&quot;:&quot;numbers&quot;,&quot;_skin&quot;:&quot;post&quot;,&quot;columns&quot;:&quot;3&quot;,&quot;columns_tablet&quot;:&quot;2&quot;,&quot;columns_mobile&quot;:&quot;1&quot;,&quot;edit_handle_selector&quot;:&quot;[data-elementor-type=\\&quot;loop-item\\&quot;]&quot;,&quot;pagination_load_type&quot;:&quot;page_reload&quot;,&quot;row_gap&quot;:{&quot;unit&quot;:&quot;px&quot;,&quot;size&quot;:&quot;&quot;,&quot;sizes&quot;:[]},&quot;row_gap_laptop&quot;:{&quot;unit&quot;:&quot;px&quot;,&quot;size&quot;:&quot;&quot;,&quot;sizes&quot;:[]},&quot;row_gap_tablet&quot;:{&quot;unit&quot;:&quot;px&quot;,&quot;size&quot;:&quot;&quot;,&quot;sizes&quot;:[]},&quot;row_gap_mobile&quot;:{&quot;unit&quot;:&quot;px&quot;,&quot;size&quot;:&quot;&quot;,&quot;sizes&quot;:[]}}\" data-widget_type=\"loop-grid.post\">\n\t\t\t\t<div class=\"elementor-widget-container\">\n\t\t\t\t\t\t\t<div class=\"elementor-loop-container elementor-grid\" role=\"list\">\n\t\t<style id=\"loop-dynamic-76\">.e-loop-item-6081 .elementor-element.elementor-element-504b2a10:not(.elementor-motion-effects-element-type-background), .e-loop-item-6081 .elementor-element.elementor-element-504b2a10 > .elementor-motion-effects-container > .elementor-motion-effects-layer{background-image:url(\"https:\/\/www.atlanthal.com\/wp-content\/uploads\/2023\/11\/massage-singapourien.jpg\");}<\/style><style id=\"loop-76\">.elementor-76 .elementor-element.elementor-element-6a32f33e{--display:flex;--min-height:260px;--align-items:center;--container-widget-width:calc( ( 1 - var( --container-widget-flex-grow ) ) * 100% );--gap:0px 0px;--row-gap:0px;--column-gap:0px;border-style:solid;--border-style:solid;border-width:0px 0px 0px 0px;--border-top-width:0px;--border-right-width:0px;--border-bottom-width:0px;--border-left-width:0px;border-color:#A4A4A482;--border-color:#A4A4A482;--padding-top:0em;--padding-bottom:0em;--padding-left:0em;--padding-right:0em;}.elementor-76 .elementor-element.elementor-element-6a32f33e:not(.elementor-motion-effects-element-type-background), .elementor-76 .elementor-element.elementor-element-6a32f33e > .elementor-motion-effects-container > .elementor-motion-effects-layer{background-color:var( --e-global-color-27be0bc );}.elementor-76 .elementor-element.elementor-element-504b2a10{--display:flex;--min-height:250px;--align-items:flex-start;--container-widget-width:calc( ( 1 - var( --container-widget-flex-grow ) ) * 100% );--gap:0px 0px;--row-gap:0px;--column-gap:0px;--overlay-opacity:0;border-style:none;--border-style:none;--margin-top:0px;--margin-bottom:0px;--margin-left:0px;--margin-right:0px;--padding-top:0em;--padding-bottom:0em;--padding-left:0em;--padding-right:0em;}.elementor-76 .elementor-element.elementor-element-504b2a10:not(.elementor-motion-effects-element-type-background), .elementor-76 .elementor-element.elementor-element-504b2a10 > .elementor-motion-effects-container > .elementor-motion-effects-layer{background-position:center center;background-size:cover;}.elementor-76 .elementor-element.elementor-element-504b2a10::before, .elementor-76 .elementor-element.elementor-element-504b2a10 > .elementor-background-video-container::before, .elementor-76 .elementor-element.elementor-element-504b2a10 > .e-con-inner > .elementor-background-video-container::before, .elementor-76 .elementor-element.elementor-element-504b2a10 > .elementor-background-slideshow::before, .elementor-76 .elementor-element.elementor-element-504b2a10 > .e-con-inner > .elementor-background-slideshow::before, .elementor-76 .elementor-element.elementor-element-504b2a10 > .elementor-motion-effects-container > .elementor-motion-effects-layer::before{--background-overlay:'';background-color:var( --e-global-color-59584fc );}.elementor-76 .elementor-element.elementor-element-5633010b{--display:flex;--gap:0px 0px;--row-gap:0px;--column-gap:0px;border-style:solid;--border-style:solid;border-width:1px 1px 1px 1px;--border-top-width:1px;--border-right-width:1px;--border-bottom-width:1px;--border-left-width:1px;border-color:#D5D8DC;--border-color:#D5D8DC;--margin-top:0px;--margin-bottom:0px;--margin-left:0px;--margin-right:0px;--padding-top:0px;--padding-bottom:0px;--padding-left:0px;--padding-right:0px;}.elementor-widget-heading .elementor-heading-title{font-family:var( --e-global-typography-primary-font-family ), Sans-serif;font-weight:var( --e-global-typography-primary-font-weight );color:var( --e-global-color-primary );}.elementor-76 .elementor-element.elementor-element-2f08e3e5 .elementor-heading-title{font-family:\"Playfair Display\", Sans-serif;font-size:32px;font-weight:400;color:var( --e-global-color-secondary );}.elementor-76 .elementor-element.elementor-element-2f08e3e5 > .elementor-widget-container{margin:8px 16px 8px 16px;}.elementor-widget-text-editor{font-family:var( --e-global-typography-text-font-family ), Sans-serif;font-size:var( --e-global-typography-text-font-size );font-weight:var( --e-global-typography-text-font-weight );color:var( --e-global-color-text );}.elementor-widget-text-editor.elementor-drop-cap-view-stacked .elementor-drop-cap{background-color:var( --e-global-color-primary );}.elementor-widget-text-editor.elementor-drop-cap-view-framed .elementor-drop-cap, .elementor-widget-text-editor.elementor-drop-cap-view-default .elementor-drop-cap{color:var( --e-global-color-primary );border-color:var( --e-global-color-primary );}.elementor-76 .elementor-element.elementor-element-10ef9cd1{color:var( --e-global-color-text );}.elementor-76 .elementor-element.elementor-element-10ef9cd1 > .elementor-widget-container{padding:0px 16px 0px 16px;}.elementor-76 .elementor-element.elementor-element-b681863{--display:flex;border-style:solid;--border-style:solid;border-width:0px 1px 1px 1px;--border-top-width:0px;--border-right-width:1px;--border-bottom-width:1px;--border-left-width:1px;border-color:#D5D8DC;--border-color:#D5D8DC;--border-radius:0px 0px 0px 0px;--padding-top:0px;--padding-bottom:0px;--padding-left:0px;--padding-right:0px;}.elementor-widget-button .elementor-button{font-family:var( --e-global-typography-accent-font-family ), Sans-serif;font-weight:var( --e-global-typography-accent-font-weight );background-color:var( --e-global-color-accent );}.elementor-76 .elementor-element.elementor-element-3bd33eb0 .elementor-button{font-family:var( --e-global-typography-secondary-font-family ), Sans-serif;font-weight:var( --e-global-typography-secondary-font-weight );fill:var( --e-global-color-secondary );color:var( --e-global-color-secondary );background-color:var( --e-global-color-27be0bc );transition-duration:0.5s;border-style:solid;border-width:1px 1px 1px 1px;border-color:var( --e-global-color-secondary );}.elementor-76 .elementor-element.elementor-element-3bd33eb0 .elementor-button:hover, .elementor-76 .elementor-element.elementor-element-3bd33eb0 .elementor-button:focus{color:var( --e-global-color-27be0bc );background-color:var( --e-global-color-secondary );border-color:var( --e-global-color-secondary );}.elementor-76 .elementor-element.elementor-element-3bd33eb0 .elementor-button:hover svg, .elementor-76 .elementor-element.elementor-element-3bd33eb0 .elementor-button:focus svg{fill:var( --e-global-color-27be0bc );}.elementor-76 .elementor-element.elementor-element-3bd33eb0 > .elementor-widget-container{margin:16px 16px 16px 16px;border-radius:0px 0px 0px 0px;}@media(max-width:1366px){.elementor-76 .elementor-element.elementor-element-6a32f33e{--min-height:500px;}.elementor-76 .elementor-element.elementor-element-504b2a10{--min-height:500px;}.elementor-widget-text-editor{font-size:var( --e-global-typography-text-font-size );}}@media(max-width:1024px){.elementor-76 .elementor-element.elementor-element-6a32f33e{--min-height:450px;}.elementor-76 .elementor-element.elementor-element-504b2a10{--min-height:450px;}.elementor-widget-text-editor{font-size:var( --e-global-typography-text-font-size );}}@media(max-width:767px){.elementor-76 .elementor-element.elementor-element-6a32f33e{--min-height:400px;}.elementor-76 .elementor-element.elementor-element-504b2a10{--min-height:400px;}.elementor-widget-text-editor{font-size:var( --e-global-typography-text-font-size );}}@media(min-width:768px){.elementor-76 .elementor-element.elementor-element-6a32f33e{--width:100%;}}@media(max-width:1024px) and (min-width:768px){.elementor-76 .elementor-element.elementor-element-6a32f33e{--width:100%;}}<\/style>\t\t<div data-elementor-type=\"loop-item\" data-elementor-id=\"76\" class=\"elementor elementor-76 e-loop-item e-loop-item-6081 post-6081 post type-post status-publish format-standard has-post-thumbnail hentry category-actualites\" data-elementor-post-type=\"elementor_library\" data-custom-edit-handle=\"1\">\n\t\t\t<div class=\"elementor-element elementor-element-6a32f33e e-con-full e-flex e-con e-parent\" data-id=\"6a32f33e\" data-element_type=\"container\" data-e-type=\"container\" data-settings=\"{&quot;background_background&quot;:&quot;classic&quot;}\">\n\t\t<div class=\"elementor-element elementor-element-504b2a10 e-con-full e-flex e-con e-child\" data-id=\"504b2a10\" data-element_type=\"container\" data-e-type=\"container\" data-settings=\"{&quot;background_background&quot;:&quot;classic&quot;}\">\n\t\t\t\t<\/div>\n\t\t<div class=\"elementor-element elementor-element-5633010b e-con-full e-flex e-con e-child\" data-id=\"5633010b\" data-element_type=\"container\" data-e-type=\"container\">\n\t\t\t\t<div class=\"elementor-element elementor-element-2f08e3e5 elementor-widget elementor-widget-heading\" data-id=\"2f08e3e5\" data-element_type=\"widget\" data-e-type=\"widget\" data-widget_type=\"heading.default\">\n\t\t\t\t<div class=\"elementor-widget-container\">\n\t\t\t\t\t<h2 class=\"elementor-heading-title elementor-size-default\">Quel type de thalasso choisir selon votre besoin ?<\/h2>\t\t\t\t<\/div>\n\t\t\t\t<\/div>\n\t\t\t\t<div class=\"elementor-element elementor-element-10ef9cd1 elementor-widget elementor-widget-text-editor\" data-id=\"10ef9cd1\" data-element_type=\"widget\" data-e-type=\"widget\" data-widget_type=\"text-editor.default\">\n\t\t\t\t<div class=\"elementor-widget-container\">\n\t\t\t\t\t\t\t\t\tSant\u00e9, stress, sommeil, vitalit\u00e9, etc. voici nos conseils pratiques pour choisir une cure de thalassoth\u00e9rapie adapt\u00e9e \u00e0 vos besoins.\t\t\t\t\t\t\t\t<\/div>\n\t\t\t\t<\/div>\n\t\t\t\t<\/div>\n\t\t<div class=\"elementor-element elementor-element-b681863 e-con-full e-flex e-con e-child\" data-id=\"b681863\" data-element_type=\"container\" data-e-type=\"container\">\n\t\t\t\t<div class=\"elementor-element elementor-element-3bd33eb0 elementor-align-center elementor-widget elementor-widget-button\" data-id=\"3bd33eb0\" data-element_type=\"widget\" data-e-type=\"widget\" data-widget_type=\"button.default\">\n\t\t\t\t<div class=\"elementor-widget-container\">\n\t\t\t\t\t\t\t\t\t<div class=\"elementor-button-wrapper\">\n\t\t\t\t\t<a class=\"elementor-button elementor-button-link elementor-size-sm\" href=\"https:\/\/www.atlanthal.com\/en\/quel-type-de-thalasso-choisir-selon-votre-besoin\/\">\n\t\t\t\t\t\t<span class=\"elementor-button-content-wrapper\">\n\t\t\t\t\t\t\t\t\t<span class=\"elementor-button-text\">En savoir plus<\/span>\n\t\t\t\t\t<\/span>\n\t\t\t\t\t<\/a>\n\t\t\t\t<\/div>\n\t\t\t\t\t\t\t\t<\/div>\n\t\t\t\t<\/div>\n\t\t\t\t<\/div>\n\t\t\t\t<\/div>\n\t\t\t\t<\/div>\n\t\t\t\t<\/div>\n\t\t\n\t\t\t\t\t\t<\/div>\n\t\t\t\t<\/div>\n\t\t\t\t\t<\/div>\n\t\t\t\t<\/div>\n\t\t\t\t\t<\/div>\n\t\t\t\t<\/div>\n\t\t\t\t<\/div>\n\t\t","protected":false},"excerpt":{"rendered":"<p>Conseils &amp; Actualit\u00e9s D\u00e9couvrez toutes les actualit\u00e9s et les conseils de Belha Collection et des \u00e9tablissements du groupe<\/p>","protected":false},"author":21,"featured_media":0,"parent":0,"menu_order":0,"comment_status":"closed","ping_status":"closed","template":"","meta":{"inline_featured_image":false,"footnotes":""},"class_list":["post-237","page","type-page","status-publish","hentry"],"_links":{"self":[{"href":"https:\/\/www.atlanthal.com\/en\/wp-json\/wp\/v2\/pages\/237","targetHints":{"allow":["GET"]}}],"collection":[{"href":"https:\/\/www.atlanthal.com\/en\/wp-json\/wp\/v2\/pages"}],"about":[{"href":"https:\/\/www.atlanthal.com\/en\/wp-json\/wp\/v2\/types\/page"}],"author":[{"embeddable":true,"href":"https:\/\/www.atlanthal.com\/en\/wp-json\/wp\/v2\/users\/21"}],"replies":[{"embeddable":true,"href":"https:\/\/www.atlanthal.com\/en\/wp-json\/wp\/v2\/comments?post=237"}],"version-history":[{"count":26,"href":"https:\/\/www.atlanthal.com\/en\/wp-json\/wp\/v2\/pages\/237\/revisions"}],"predecessor-version":[{"id":5956,"href":"https:\/\/www.atlanthal.com\/en\/wp-json\/wp\/v2\/pages\/237\/revisions\/5956"}],"wp:attachment":[{"href":"https:\/\/www.atlanthal.com\/en\/wp-json\/wp\/v2\/media?parent=237"}],"curies":[{"name":"wp","href":"https:\/\/api.w.org\/{rel}","templated":true}]}}