{"id":1728,"date":"2023-08-10T15:19:44","date_gmt":"2023-08-10T13:19:44","guid":{"rendered":"https:\/\/www.atlanthal.com\/?page_id=1728"},"modified":"2023-11-29T10:54:40","modified_gmt":"2023-11-29T09:54:40","slug":"culture-heritage-visit-anglet","status":"publish","type":"page","link":"https:\/\/www.atlanthal.com\/en\/tourisme-activites-pays-basque\/culture-patrimoine-visiter-anglet\/","title":{"rendered":"Culture &amp; heritage"},"content":{"rendered":"<div data-elementor-type=\"wp-page\" data-elementor-id=\"1728\" class=\"elementor elementor-1728\" data-elementor-post-type=\"page\">\n\t\t\t\t<div class=\"elementor-element elementor-element-79d130a e-con-full e-flex e-con e-parent\" data-id=\"79d130a\" data-element_type=\"container\" data-e-type=\"container\" data-settings=\"{&quot;background_background&quot;:&quot;classic&quot;}\">\n\t\t<div class=\"elementor-element elementor-element-9c2133d e-flex e-con-boxed e-con e-child\" data-id=\"9c2133d\" data-element_type=\"container\" data-e-type=\"container\">\n\t\t\t\t\t<div class=\"e-con-inner\">\n\t\t\t\t<div class=\"elementor-element elementor-element-84d27a8 elementor-widget elementor-widget-heading\" data-id=\"84d27a8\" data-element_type=\"widget\" data-e-type=\"widget\" data-widget_type=\"heading.default\">\n\t\t\t\t<div class=\"elementor-widget-container\">\n\t\t\t\t\t<h1 class=\"elementor-heading-title elementor-size-default\">Culture &amp; Heritage<\/h1>\t\t\t\t<\/div>\n\t\t\t\t<\/div>\n\t\t\t\t<div class=\"elementor-element elementor-element-f63eed9 elementor-view-default elementor-widget elementor-widget-icon\" data-id=\"f63eed9\" data-element_type=\"widget\" data-e-type=\"widget\" data-widget_type=\"icon.default\">\n\t\t\t\t<div class=\"elementor-widget-container\">\n\t\t\t\t\t\t\t<div class=\"elementor-icon-wrapper\">\n\t\t\t<div class=\"elementor-icon\">\n\t\t\t<svg xmlns=\"http:\/\/www.w3.org\/2000\/svg\" width=\"4721\" height=\"1024\" viewbox=\"0 0 4721 1024\"><title><\/title><g id=\"icomoon-ignore\"><\/g><path d=\"M4719.542 686.137c-14.578-16.391-29.63-30.797-45.731-43.933l-0.218-0.176c-122.573-60.482-570.066-175.569-966.051-221.99-367.583-47.829-787.155-60.53-1213.579-30.621-77.228 5.417-154.039 12.186-230.41 20.283l11.070-1.091c-681.528 68.27-1275.654 115.060-1579.65 85.212-377.404-36.852-611.317-125.343-675.959-162.385l-7.504 2.445c141.201 115.371 309.437 199.358 492.55 241.439l8.695 1.64c377.96 99.496 793.208 119.621 1398.815 54.117 647.481-70.36 1808.145-238.118 2823.135 70.626z\"><\/path><\/svg>\t\t\t<\/div>\n\t\t<\/div>\n\t\t\t\t\t\t<\/div>\n\t\t\t\t<\/div>\n\t\t\t\t\t<\/div>\n\t\t\t\t<\/div>\n\t\t\t\t<\/div>\n\t\t<div class=\"elementor-element elementor-element-538bc11 e-flex e-con-boxed e-con e-parent\" data-id=\"538bc11\" data-element_type=\"container\" data-e-type=\"container\">\n\t\t\t\t\t<div class=\"e-con-inner\">\n\t\t<div class=\"elementor-element elementor-element-b1cbfd2 e-con-full e-flex e-con e-child\" data-id=\"b1cbfd2\" data-element_type=\"container\" data-e-type=\"container\">\n\t\t\t\t<div class=\"elementor-element elementor-element-374e43c elementor-widget elementor-widget-heading\" data-id=\"374e43c\" data-element_type=\"widget\" data-e-type=\"widget\" data-widget_type=\"heading.default\">\n\t\t\t\t<div class=\"elementor-widget-container\">\n\t\t\t\t\t<h2 class=\"elementor-heading-title elementor-size-default\">Visit Anglet and discover its heritage <\/h2>\t\t\t\t<\/div>\n\t\t\t\t<\/div>\n\t\t\t\t<div class=\"elementor-element elementor-element-0a8ecd3 elementor-widget elementor-widget-text-editor\" data-id=\"0a8ecd3\" data-element_type=\"widget\" data-e-type=\"widget\" data-widget_type=\"text-editor.default\">\n\t\t\t\t<div class=\"elementor-widget-container\">\n\t\t\t\t\t\t\t\t\t<p>This seaside town is renowned for welcoming contemporary artists from all over the world for its Biennales d'Art. Take advantage of your visit to discover some of the monumental works that Anglet has inherited, such as the \"Love Tower\". The grotto of the Chambre d'Amour, carved out of the rock of the Cap Saint-Martin cliff, continues to attract curious visitors every year, all lovers of ancestral legends.\u00a0<\/p>\t\t\t\t\t\t\t\t<\/div>\n\t\t\t\t<\/div>\n\t\t\t\t<\/div>\n\t\t<div class=\"elementor-element elementor-element-0ba5cef e-con-full e-flex e-con e-child\" data-id=\"0ba5cef\" data-element_type=\"container\" data-e-type=\"container\">\n\t\t<div class=\"elementor-element elementor-element-7e52ef6 e-flex e-con-boxed e-con e-child\" data-id=\"7e52ef6\" data-element_type=\"container\" data-e-type=\"container\">\n\t\t\t\t\t<div class=\"e-con-inner\">\n\t\t\t\t<div class=\"elementor-element elementor-element-27b5124 elementor-widget__width-auto elementor-widget elementor-widget-image\" data-id=\"27b5124\" data-element_type=\"widget\" data-e-type=\"widget\" data-widget_type=\"image.default\">\n\t\t\t\t<div class=\"elementor-widget-container\">\n\t\t\t\t\t\t\t\t\t\t\t\t\t\t\t<img fetchpriority=\"high\" decoding=\"async\" width=\"800\" height=\"348\" src=\"https:\/\/www.atlanthal.com\/wp-content\/uploads\/2023\/11\/iStock-1181777578-1024x445.jpg\" class=\"attachment-large size-large wp-image-3894\" alt=\"\" srcset=\"https:\/\/www.atlanthal.com\/wp-content\/uploads\/2023\/11\/iStock-1181777578-1024x445.jpg 1024w, https:\/\/www.atlanthal.com\/wp-content\/uploads\/2023\/11\/iStock-1181777578-300x130.jpg 300w, https:\/\/www.atlanthal.com\/wp-content\/uploads\/2023\/11\/iStock-1181777578-768x334.jpg 768w, https:\/\/www.atlanthal.com\/wp-content\/uploads\/2023\/11\/iStock-1181777578-1536x667.jpg 1536w, https:\/\/www.atlanthal.com\/wp-content\/uploads\/2023\/11\/iStock-1181777578-18x8.jpg 18w, https:\/\/www.atlanthal.com\/wp-content\/uploads\/2023\/11\/iStock-1181777578.jpg 1554w\" sizes=\"(max-width: 800px) 100vw, 800px\" title=\"\">\t\t\t\t\t\t\t\t\t\t\t\t\t\t\t<\/div>\n\t\t\t\t<\/div>\n\t\t\t\t<div class=\"elementor-element elementor-element-3bc4840 elementor-widget__width-auto elementor-widget elementor-widget-image\" data-id=\"3bc4840\" data-element_type=\"widget\" data-e-type=\"widget\" data-widget_type=\"image.default\">\n\t\t\t\t<div class=\"elementor-widget-container\">\n\t\t\t\t\t\t\t\t\t\t\t\t\t\t\t<img decoding=\"async\" width=\"800\" height=\"600\" src=\"https:\/\/www.atlanthal.com\/wp-content\/uploads\/2023\/11\/iStock-1430017527-1024x768.jpg\" class=\"attachment-large size-large wp-image-3901\" alt=\"\" srcset=\"https:\/\/www.atlanthal.com\/wp-content\/uploads\/2023\/11\/iStock-1430017527-1024x768.jpg 1024w, https:\/\/www.atlanthal.com\/wp-content\/uploads\/2023\/11\/iStock-1430017527-300x225.jpg 300w, https:\/\/www.atlanthal.com\/wp-content\/uploads\/2023\/11\/iStock-1430017527-768x576.jpg 768w, https:\/\/www.atlanthal.com\/wp-content\/uploads\/2023\/11\/iStock-1430017527-16x12.jpg 16w, https:\/\/www.atlanthal.com\/wp-content\/uploads\/2023\/11\/iStock-1430017527.jpg 1183w\" sizes=\"(max-width: 800px) 100vw, 800px\" title=\"\">\t\t\t\t\t\t\t\t\t\t\t\t\t\t\t<\/div>\n\t\t\t\t<\/div>\n\t\t\t\t\t<\/div>\n\t\t\t\t<\/div>\n\t\t<div class=\"elementor-element elementor-element-f9a4aea e-flex e-con-boxed e-con e-child\" data-id=\"f9a4aea\" data-element_type=\"container\" data-e-type=\"container\">\n\t\t\t\t\t<div class=\"e-con-inner\">\n\t\t\t\t<div class=\"elementor-element elementor-element-c3f42de elementor-widget__width-auto elementor-widget elementor-widget-image\" data-id=\"c3f42de\" data-element_type=\"widget\" data-e-type=\"widget\" data-widget_type=\"image.default\">\n\t\t\t\t<div class=\"elementor-widget-container\">\n\t\t\t\t\t\t\t\t\t\t\t\t\t\t\t<img decoding=\"async\" width=\"800\" height=\"534\" src=\"https:\/\/www.atlanthal.com\/wp-content\/uploads\/2023\/08\/iStock-1413298523-1024x683.jpg\" class=\"attachment-large size-large wp-image-2523\" alt=\"\" srcset=\"https:\/\/www.atlanthal.com\/wp-content\/uploads\/2023\/08\/iStock-1413298523-1024x683.jpg 1024w, https:\/\/www.atlanthal.com\/wp-content\/uploads\/2023\/08\/iStock-1413298523-300x200.jpg 300w, https:\/\/www.atlanthal.com\/wp-content\/uploads\/2023\/08\/iStock-1413298523-768x512.jpg 768w, https:\/\/www.atlanthal.com\/wp-content\/uploads\/2023\/08\/iStock-1413298523-18x12.jpg 18w, https:\/\/www.atlanthal.com\/wp-content\/uploads\/2023\/08\/iStock-1413298523.jpg 1254w\" sizes=\"(max-width: 800px) 100vw, 800px\" title=\"\">\t\t\t\t\t\t\t\t\t\t\t\t\t\t\t<\/div>\n\t\t\t\t<\/div>\n\t\t\t\t\t<\/div>\n\t\t\t\t<\/div>\n\t\t\t\t<\/div>\n\t\t\t\t\t<\/div>\n\t\t\t\t<\/div>\n\t\t<div class=\"elementor-element elementor-element-5d8cd1f e-con-full e-flex e-con e-parent\" data-id=\"5d8cd1f\" data-element_type=\"container\" data-e-type=\"container\">\n\t\t<div class=\"elementor-element elementor-element-136b967 e-con-full e-flex e-con e-child\" data-id=\"136b967\" data-element_type=\"container\" data-e-type=\"container\">\n\t\t<div class=\"elementor-element elementor-element-b1f020a e-flex e-con-boxed e-con e-child\" data-id=\"b1f020a\" data-element_type=\"container\" data-e-type=\"container\" data-settings=\"{&quot;background_background&quot;:&quot;classic&quot;}\">\n\t\t\t\t\t<div class=\"e-con-inner\">\n\t\t\t\t<div class=\"elementor-element elementor-element-5d253c0 elementor-widget elementor-widget-image\" data-id=\"5d253c0\" data-element_type=\"widget\" data-e-type=\"widget\" data-widget_type=\"image.default\">\n\t\t\t\t<div class=\"elementor-widget-container\">\n\t\t\t\t\t\t\t\t\t\t\t\t\t\t\t<img loading=\"lazy\" decoding=\"async\" width=\"1259\" height=\"832\" src=\"https:\/\/www.atlanthal.com\/wp-content\/uploads\/2023\/08\/iStock-1399542584.jpg\" class=\"attachment-full size-full wp-image-2528\" alt=\"\" srcset=\"https:\/\/www.atlanthal.com\/wp-content\/uploads\/2023\/08\/iStock-1399542584.jpg 1259w, https:\/\/www.atlanthal.com\/wp-content\/uploads\/2023\/08\/iStock-1399542584-300x198.jpg 300w, https:\/\/www.atlanthal.com\/wp-content\/uploads\/2023\/08\/iStock-1399542584-1024x677.jpg 1024w, https:\/\/www.atlanthal.com\/wp-content\/uploads\/2023\/08\/iStock-1399542584-768x508.jpg 768w, https:\/\/www.atlanthal.com\/wp-content\/uploads\/2023\/08\/iStock-1399542584-18x12.jpg 18w\" sizes=\"(max-width: 1259px) 100vw, 1259px\" title=\"\">\t\t\t\t\t\t\t\t\t\t\t\t\t\t\t<\/div>\n\t\t\t\t<\/div>\n\t\t\t\t\t<\/div>\n\t\t\t\t<\/div>\n\t\t\t\t<\/div>\n\t\t<div class=\"elementor-element elementor-element-154eaa3 e-con-full e-flex e-con e-child\" data-id=\"154eaa3\" data-element_type=\"container\" data-e-type=\"container\" data-settings=\"{&quot;background_background&quot;:&quot;classic&quot;}\">\n\t\t\t\t<div class=\"elementor-element elementor-element-bdac826 elementor-widget elementor-widget-heading\" data-id=\"bdac826\" data-element_type=\"widget\" data-e-type=\"widget\" data-widget_type=\"heading.default\">\n\t\t\t\t<div class=\"elementor-widget-container\">\n\t\t\t\t\t<h2 class=\"elementor-heading-title elementor-size-default\">Visit Anglet and its surf avenue<\/h2>\t\t\t\t<\/div>\n\t\t\t\t<\/div>\n\t\t\t\t<div class=\"elementor-element elementor-element-1e74def elementor-widget elementor-widget-text-editor\" data-id=\"1e74def\" data-element_type=\"widget\" data-e-type=\"widget\" data-widget_type=\"text-editor.default\">\n\t\t\t\t<div class=\"elementor-widget-container\">\n\t\t\t\t\t\t\t\t\t<p>When you visit Anglet, stop off at Anglet Surf Avenue, which has become famous for the footprints left by the international surfers who come to take part in the many competitions held on the beaches of Anglet.<\/p>\t\t\t\t\t\t\t\t<\/div>\n\t\t\t\t<\/div>\n\t\t\t\t<\/div>\n\t\t\t\t<\/div>\n\t\t<div class=\"elementor-element elementor-element-37f77b3 e-con-full e-flex e-con e-parent\" data-id=\"37f77b3\" data-element_type=\"container\" data-e-type=\"container\">\n\t\t<div class=\"elementor-element elementor-element-f557155 e-con-full e-flex e-con e-child\" data-id=\"f557155\" data-element_type=\"container\" data-e-type=\"container\">\n\t\t\t\t<div class=\"elementor-element elementor-element-3c8da7f elementor-widget elementor-widget-heading\" data-id=\"3c8da7f\" data-element_type=\"widget\" data-e-type=\"widget\" data-widget_type=\"heading.default\">\n\t\t\t\t<div class=\"elementor-widget-container\">\n\t\t\t\t\t<h2 class=\"elementor-heading-title elementor-size-default\">Find out more <\/h2>\t\t\t\t<\/div>\n\t\t\t\t<\/div>\n\t\t\t\t<div class=\"elementor-element elementor-element-4f26c10 elementor-view-default elementor-widget elementor-widget-icon\" data-id=\"4f26c10\" data-element_type=\"widget\" data-e-type=\"widget\" data-widget_type=\"icon.default\">\n\t\t\t\t<div class=\"elementor-widget-container\">\n\t\t\t\t\t\t\t<div class=\"elementor-icon-wrapper\">\n\t\t\t<div class=\"elementor-icon\">\n\t\t\t<svg xmlns=\"http:\/\/www.w3.org\/2000\/svg\" width=\"4721\" height=\"1024\" viewbox=\"0 0 4721 1024\"><title><\/title><g id=\"icomoon-ignore\"><\/g><path d=\"M4719.542 686.137c-14.578-16.391-29.63-30.797-45.731-43.933l-0.218-0.176c-122.573-60.482-570.066-175.569-966.051-221.99-367.583-47.829-787.155-60.53-1213.579-30.621-77.228 5.417-154.039 12.186-230.41 20.283l11.070-1.091c-681.528 68.27-1275.654 115.060-1579.65 85.212-377.404-36.852-611.317-125.343-675.959-162.385l-7.504 2.445c141.201 115.371 309.437 199.358 492.55 241.439l8.695 1.64c377.96 99.496 793.208 119.621 1398.815 54.117 647.481-70.36 1808.145-238.118 2823.135 70.626z\"><\/path><\/svg>\t\t\t<\/div>\n\t\t<\/div>\n\t\t\t\t\t\t<\/div>\n\t\t\t\t<\/div>\n\t\t\t\t<\/div>\n\t\t<div class=\"elementor-element elementor-element-de88355 e-con-full e-flex e-con e-child\" data-id=\"de88355\" data-element_type=\"container\" data-e-type=\"container\">\n\t\t\t\t<div class=\"elementor-element elementor-element-e522eae elementor-cta--skin-cover elementor-widget__width-auto cta-fond-anim btn-cta-wave elementor-widget elementor-widget-call-to-action\" data-id=\"e522eae\" data-element_type=\"widget\" data-e-type=\"widget\" data-widget_type=\"call-to-action.default\">\n\t\t\t\t<div class=\"elementor-widget-container\">\n\t\t\t\t\t\t\t<div class=\"elementor-cta\">\n\t\t\t\t\t<div class=\"elementor-cta__bg-wrapper\">\n\t\t\t\t<div class=\"elementor-cta__bg elementor-bg\" style=\"background-image: url(https:\/\/www.atlanthal.com\/wp-content\/uploads\/2023\/08\/iStock-1413298523-1024x683.jpg);\" role=\"img\" aria-label=\"Anglet beach in the Basque Country, with the lighthouse of Biarritz\"><\/div>\n\t\t\t\t<div class=\"elementor-cta__bg-overlay\"><\/div>\n\t\t\t<\/div>\n\t\t\t\t\t\t\t<div class=\"elementor-cta__content\">\n\t\t\t\t\n\t\t\t\t\t\t\t\t\t<h2 class=\"elementor-cta__title elementor-cta__content-item elementor-content-item\">\n\t\t\t\t\t\tBeaches in Anglet\t\t\t\t\t<\/h2>\n\t\t\t\t\n\t\t\t\t\n\t\t\t\t\t\t\t\t\t<div class=\"elementor-cta__button-wrapper elementor-cta__content-item elementor-content-item\">\n\t\t\t\t\t<a class=\"elementor-cta__button elementor-button elementor-size-\" href=\"https:\/\/www.atlanthal.com\/en\/tourisme-activites-pays-basque\/les-plages-a-anglet\/\">\n\t\t\t\t\t\tFind out more\t\t\t\t\t<\/a>\n\t\t\t\t\t<\/div>\n\t\t\t\t\t\t\t<\/div>\n\t\t\t\t\t\t<\/div>\n\t\t\t\t\t\t<\/div>\n\t\t\t\t<\/div>\n\t\t\t\t<\/div>\n\t\t<div class=\"elementor-element elementor-element-4d91f4e e-con-full e-flex e-con e-child\" data-id=\"4d91f4e\" data-element_type=\"container\" data-e-type=\"container\">\n\t\t\t\t<div class=\"elementor-element elementor-element-3dafb6b elementor-cta--skin-cover elementor-widget__width-auto cta-fond-anim btn-cta-wave elementor-widget elementor-widget-call-to-action\" data-id=\"3dafb6b\" data-element_type=\"widget\" data-e-type=\"widget\" data-widget_type=\"call-to-action.default\">\n\t\t\t\t<div class=\"elementor-widget-container\">\n\t\t\t\t\t\t\t<div class=\"elementor-cta\">\n\t\t\t\t\t<div class=\"elementor-cta__bg-wrapper\">\n\t\t\t\t<div class=\"elementor-cta__bg elementor-bg\" style=\"background-image: url(https:\/\/www.atlanthal.com\/wp-content\/uploads\/2023\/08\/iStock-157773958-1024x683.jpg);\" role=\"img\" aria-label=\"surfer hitting the lip\"><\/div>\n\t\t\t\t<div class=\"elementor-cta__bg-overlay\"><\/div>\n\t\t\t<\/div>\n\t\t\t\t\t\t\t<div class=\"elementor-cta__content\">\n\t\t\t\t\n\t\t\t\t\t\t\t\t\t<h2 class=\"elementor-cta__title elementor-cta__content-item elementor-content-item\">\n\t\t\t\t\t\tSurfing in Anglet\t\t\t\t\t<\/h2>\n\t\t\t\t\n\t\t\t\t\n\t\t\t\t\t\t\t\t\t<div class=\"elementor-cta__button-wrapper elementor-cta__content-item elementor-content-item\">\n\t\t\t\t\t<a class=\"elementor-cta__button elementor-button elementor-size-\" href=\"https:\/\/www.atlanthal.com\/en\/tourisme-activites-pays-basque\/le-surf-a-anglet\/\">\n\t\t\t\t\t\tFind out more\t\t\t\t\t<\/a>\n\t\t\t\t\t<\/div>\n\t\t\t\t\t\t\t<\/div>\n\t\t\t\t\t\t<\/div>\n\t\t\t\t\t\t<\/div>\n\t\t\t\t<\/div>\n\t\t\t\t<\/div>\n\t\t<div class=\"elementor-element elementor-element-68d6c0c e-con-full e-flex e-con e-child\" data-id=\"68d6c0c\" data-element_type=\"container\" data-e-type=\"container\">\n\t\t\t\t<div class=\"elementor-element elementor-element-705ef88 elementor-cta--skin-cover elementor-widget__width-auto cta-fond-anim  btn-cta-wave elementor-widget elementor-widget-call-to-action\" data-id=\"705ef88\" data-element_type=\"widget\" data-e-type=\"widget\" data-widget_type=\"call-to-action.default\">\n\t\t\t\t<div class=\"elementor-widget-container\">\n\t\t\t\t\t\t\t<div class=\"elementor-cta\">\n\t\t\t\t\t<div class=\"elementor-cta__bg-wrapper\">\n\t\t\t\t<div class=\"elementor-cta__bg elementor-bg\" style=\"background-image: url(https:\/\/www.atlanthal.com\/wp-content\/uploads\/2023\/08\/iStock-1342622169-1024x683.jpg);\" role=\"img\" aria-label=\"pine forest in the south west of France taken with a wide angle\"><\/div>\n\t\t\t\t<div class=\"elementor-cta__bg-overlay\"><\/div>\n\t\t\t<\/div>\n\t\t\t\t\t\t\t<div class=\"elementor-cta__content\">\n\t\t\t\t\n\t\t\t\t\t\t\t\t\t<h2 class=\"elementor-cta__title elementor-cta__content-item elementor-content-item\">\n\t\t\t\t\t\tForest walk\t\t\t\t\t<\/h2>\n\t\t\t\t\n\t\t\t\t\n\t\t\t\t\t\t\t\t\t<div class=\"elementor-cta__button-wrapper elementor-cta__content-item elementor-content-item\">\n\t\t\t\t\t<a class=\"elementor-cta__button elementor-button elementor-size-\" href=\"https:\/\/www.atlanthal.com\/en\/tourisme-activites-pays-basque\/balade-en-foret-activites-anglet\/\">\n\t\t\t\t\t\tFind out more\t\t\t\t\t<\/a>\n\t\t\t\t\t<\/div>\n\t\t\t\t\t\t\t<\/div>\n\t\t\t\t\t\t<\/div>\n\t\t\t\t\t\t<\/div>\n\t\t\t\t<\/div>\n\t\t\t\t<\/div>\n\t\t\t\t<\/div>\n\t\t\t\t<\/div>","protected":false},"excerpt":{"rendered":"<p>Culture &#038; Patrimoine Visiter Anglet et d\u00e9couvrir son patrimoine Cette cit\u00e9 baln\u00e9aire est r\u00e9put\u00e9e pour accueillir des artistes contemporains du monde entier \u00e0 l\u2019occasion des Biennales d\u2019Art. Profitez de votre venue pour d\u00e9couvrir certaines des \u0153uvres monumentales dont Anglet a h\u00e9rit\u00e9 comme la \u00ab Love Tower \u00bb. La grotte de la Chambre d\u2019Amour, creus\u00e9e dans [&hellip;]<\/p>\n","protected":false},"author":21,"featured_media":0,"parent":365,"menu_order":0,"comment_status":"closed","ping_status":"closed","template":"","meta":{"inline_featured_image":false,"footnotes":""},"class_list":["post-1728","page","type-page","status-publish","hentry"],"_links":{"self":[{"href":"https:\/\/www.atlanthal.com\/en\/wp-json\/wp\/v2\/pages\/1728","targetHints":{"allow":["GET"]}}],"collection":[{"href":"https:\/\/www.atlanthal.com\/en\/wp-json\/wp\/v2\/pages"}],"about":[{"href":"https:\/\/www.atlanthal.com\/en\/wp-json\/wp\/v2\/types\/page"}],"author":[{"embeddable":true,"href":"https:\/\/www.atlanthal.com\/en\/wp-json\/wp\/v2\/users\/21"}],"replies":[{"embeddable":true,"href":"https:\/\/www.atlanthal.com\/en\/wp-json\/wp\/v2\/comments?post=1728"}],"version-history":[{"count":47,"href":"https:\/\/www.atlanthal.com\/en\/wp-json\/wp\/v2\/pages\/1728\/revisions"}],"predecessor-version":[{"id":4714,"href":"https:\/\/www.atlanthal.com\/en\/wp-json\/wp\/v2\/pages\/1728\/revisions\/4714"}],"up":[{"embeddable":true,"href":"https:\/\/www.atlanthal.com\/en\/wp-json\/wp\/v2\/pages\/365"}],"wp:attachment":[{"href":"https:\/\/www.atlanthal.com\/en\/wp-json\/wp\/v2\/media?parent=1728"}],"curies":[{"name":"wp","href":"https:\/\/api.w.org\/{rel}","templated":true}]}}