{"id":163,"date":"2023-08-01T15:36:13","date_gmt":"2023-08-01T13:36:13","guid":{"rendered":"https:\/\/www.atlanthal.com\/cgv-cgu\/"},"modified":"2025-01-20T14:54:12","modified_gmt":"2025-01-20T13:54:12","slug":"cgv-cgu","status":"publish","type":"page","link":"https:\/\/www.atlanthal.com\/en\/cgv-cgu\/","title":{"rendered":"GENERAL TERMS AND CONDITIONS"},"content":{"rendered":"<div data-elementor-type=\"wp-page\" data-elementor-id=\"163\" class=\"elementor elementor-163\" data-elementor-post-type=\"page\">\n\t\t\t\t<div class=\"elementor-element elementor-element-3c7f496f e-con-full e-flex e-con e-parent\" data-id=\"3c7f496f\" data-element_type=\"container\" data-e-type=\"container\" data-settings=\"{&quot;background_background&quot;:&quot;classic&quot;}\">\n\t\t<div class=\"elementor-element elementor-element-69e60a78 e-flex e-con-boxed e-con e-child\" data-id=\"69e60a78\" data-element_type=\"container\" data-e-type=\"container\">\n\t\t\t\t\t<div class=\"e-con-inner\">\n\t\t\t\t<div class=\"elementor-element elementor-element-300b981f elementor-widget elementor-widget-heading\" data-id=\"300b981f\" data-element_type=\"widget\" data-e-type=\"widget\" data-widget_type=\"heading.default\">\n\t\t\t\t<div class=\"elementor-widget-container\">\n\t\t\t\t\t<h1 class=\"elementor-heading-title elementor-size-default\">GENERAL TERMS AND CONDITIONS<\/h1>\t\t\t\t<\/div>\n\t\t\t\t<\/div>\n\t\t\t\t<div class=\"elementor-element elementor-element-4bad865f elementor-view-default elementor-widget elementor-widget-icon\" data-id=\"4bad865f\" data-element_type=\"widget\" data-e-type=\"widget\" data-widget_type=\"icon.default\">\n\t\t\t\t<div class=\"elementor-widget-container\">\n\t\t\t\t\t\t\t<div class=\"elementor-icon-wrapper\">\n\t\t\t<div class=\"elementor-icon\">\n\t\t\t<svg xmlns=\"http:\/\/www.w3.org\/2000\/svg\" width=\"4721\" height=\"1024\" viewbox=\"0 0 4721 1024\"><title><\/title><g id=\"icomoon-ignore\"><\/g><path d=\"M4719.542 686.137c-14.578-16.391-29.63-30.797-45.731-43.933l-0.218-0.176c-122.573-60.482-570.066-175.569-966.051-221.99-367.583-47.829-787.155-60.53-1213.579-30.621-77.228 5.417-154.039 12.186-230.41 20.283l11.070-1.091c-681.528 68.27-1275.654 115.060-1579.65 85.212-377.404-36.852-611.317-125.343-675.959-162.385l-7.504 2.445c141.201 115.371 309.437 199.358 492.55 241.439l8.695 1.64c377.96 99.496 793.208 119.621 1398.815 54.117 647.481-70.36 1808.145-238.118 2823.135 70.626z\"><\/path><\/svg>\t\t\t<\/div>\n\t\t<\/div>\n\t\t\t\t\t\t<\/div>\n\t\t\t\t<\/div>\n\t\t\t\t\t<\/div>\n\t\t\t\t<\/div>\n\t\t\t\t<\/div>\n\t\t<div class=\"elementor-element elementor-element-186efe7c e-flex e-con-boxed e-con e-parent\" data-id=\"186efe7c\" data-element_type=\"container\" data-e-type=\"container\">\n\t\t\t\t\t<div class=\"e-con-inner\">\n\t\t\t\t<div class=\"elementor-element elementor-element-254d2e44 elementor-widget elementor-widget-heading\" data-id=\"254d2e44\" data-element_type=\"widget\" data-e-type=\"widget\" data-widget_type=\"heading.default\">\n\t\t\t\t<div class=\"elementor-widget-container\">\n\t\t\t\t\t<h2 class=\"elementor-heading-title elementor-size-default\">Terms and conditions of use<\/h2>\t\t\t\t<\/div>\n\t\t\t\t<\/div>\n\t\t\t\t<div class=\"elementor-element elementor-element-10ce385b elementor-view-default elementor-widget elementor-widget-icon\" data-id=\"10ce385b\" data-element_type=\"widget\" data-e-type=\"widget\" data-widget_type=\"icon.default\">\n\t\t\t\t<div class=\"elementor-widget-container\">\n\t\t\t\t\t\t\t<div class=\"elementor-icon-wrapper\">\n\t\t\t<div class=\"elementor-icon\">\n\t\t\t<svg xmlns=\"http:\/\/www.w3.org\/2000\/svg\" width=\"4721\" height=\"1024\" viewbox=\"0 0 4721 1024\"><title><\/title><g id=\"icomoon-ignore\"><\/g><path d=\"M4719.542 686.137c-14.578-16.391-29.63-30.797-45.731-43.933l-0.218-0.176c-122.573-60.482-570.066-175.569-966.051-221.99-367.583-47.829-787.155-60.53-1213.579-30.621-77.228 5.417-154.039 12.186-230.41 20.283l11.070-1.091c-681.528 68.27-1275.654 115.060-1579.65 85.212-377.404-36.852-611.317-125.343-675.959-162.385l-7.504 2.445c141.201 115.371 309.437 199.358 492.55 241.439l8.695 1.64c377.96 99.496 793.208 119.621 1398.815 54.117 647.481-70.36 1808.145-238.118 2823.135 70.626z\"><\/path><\/svg>\t\t\t<\/div>\n\t\t<\/div>\n\t\t\t\t\t\t<\/div>\n\t\t\t\t<\/div>\n\t\t\t\t<div class=\"elementor-element elementor-element-b30f0ab elementor-widget__width-initial elementor-widget elementor-widget-text-editor\" data-id=\"b30f0ab\" data-element_type=\"widget\" data-e-type=\"widget\" data-widget_type=\"text-editor.default\">\n\t\t\t\t<div class=\"elementor-widget-container\">\n\t\t\t\t\t\t\t\t\t<p><strong>Atlanthal ****, l\u2019h\u00f4tel Les Terrasses ***, Ibis Styles Biarritz Plage, l&rsquo;H\u00f4tel Le Bayonne **** et les h\u00f4tels IBIS de Ciboure et de Bayonne, sont ouverts toute l\u2019ann\u00e9e.<\/strong><\/p><ul><li>All our prices are net, including taxes and services. Taxes, drinks and personal expenses not included. Thalassotherapy rates (without accommodation) are valid all year round.<\/li><li>We advise you to book your stay one month in advance. As soon as you have paid a deposit of 30 % of the total cost of your stay, you will receive written confirmation of your appointment for the entry medical examination.<\/li><li>Our cancellation policy: Up to 28 days before arrival no cancellation charge - From 27 to 21 days before arrival 25 % of the stay - From 20 to 8 days before arrival 50 % of the stay - From 7 to 2 days before arrival 75 % of the stay. From 2 days to the day of arrival 100 % of the stay.<\/li><li>Meals not taken (breakfast, lunch and\/or dinner) are not deducted from the package. In the event of a contraindication at the entry medical examination, the deposit will be refunded in full.<\/li><li>30% deposit will be required to confirm your stay within 24 hours. Without this, the booking will be automatically cancelled. The compulsory 26 \u20ac medical visit must be paid directly to the medical secretariat.<\/li><li>Payment for cures without accommodation must be made on the first day of the cure.<br \/>In the event of a dispute, the Mediator of the French Republic may be appointed by the court with territorial jurisdiction.<\/li><li>For all payments by cheque, proof of identity will be required. Our establishment undertakes to destroy a photocopy of this once the cheque has been cashed and the amount credited to our company's account.<\/li><\/ul><p><strong>\u00a0<\/strong><\/p><p><strong>PRACTICAL INFORMATION<\/strong><\/p><ul><li>Please note that a medical examination is compulsory. If you do not have one, please provide us with a certificate of fitness for thalassotherapy less than 3 months old, with a description of the treatments recommended by the attending physician.<\/li><li>Our facilities are designed to be accessible to disabled people. For thalassotherapy, it is advisable to contact our doctor to help organise your treatment.<\/li><\/ul><p><strong>\u00a0<\/strong><\/p><p><strong>KNOW THE CONTRAINDICATIONS<\/strong><\/p><ul><li>Cardiovascular diseases, recent vascular diseases, infectious diseases, allergy to iodine, endocrine diseases, skin diseases, cancerous diseases, psychiatric disorders, general immunological deficiencies.<\/li><\/ul><p><strong>\u00a0<\/strong><\/p><p><strong>RESPECT FOR PRIVACY AND PERSONAL DATA<\/strong><\/p><ul><li>Belha Collection processes personal data for which it is responsible.<\/li><li>Belha Collection\u00a0collectent que les renseignement identifi\u00e9s comme obligatoire, pour pouvoir enregistrer de r\u00e9servation, g\u00e9rer la participation du client au programme de fid\u00e9lit\u00e9 et g\u00e9rer les r\u00e9clamations de ce dernier.<\/li><li>The information processed is intended for Belha Collection, its entities, its partners, its service providers (in particular online payment service providers) and its hotels.<\/li><li>Le client peut autoriser Belha Collection\u00a0\u00e0 communiquer ses donn\u00e9es personnelles \u00e0 des tiers dans le respect de la Charte clients de protection des donn\u00e9es personnelles.<\/li><li>En particulier lors du paiement en ligne, les coordonn\u00e9es bancaires du client devront \u00eatre transmises par le prestataire de paiement Paybox \u00e0 la banque de l\u2019h\u00f4tel, pour l\u2019ex\u00e9cution du contrat de r\u00e9servation h\u00f4teli\u00e8re. Cependant, le client consent \u00e0 ce transfert n\u00e9cessaire pour l\u2019ex\u00e9cution de sa r\u00e9servation. Paybox, en leur qualit\u00e9 de professionnel, se sont engag\u00e9s vis-\u00e0-vis de Belha Collection\u00a0\u00e0 prendre toutes les mesures de s\u00e9curit\u00e9 et de respect de la confidentialit\u00e9 des donn\u00e9es pour lesdits transferts de donn\u00e9es.<\/li><li>Le client dispose d&rsquo;un droit d&rsquo;opposition pour motif l\u00e9gitime, d&rsquo;un droit d&rsquo;interrogation, d&rsquo;acc\u00e8s et de rectification des donn\u00e9es personnelles le concernant en \u00e9crivant \u00e0 donneespersonnelles@biarritz-thalasso.com . Belha Collection\u00a0est notamment susceptible d&rsquo;adresser par courrier \u00e9lectronique \u00e0 ses clients sa \u00ab\u00a0newsletter\u00a0\u00bb (lettre d&rsquo;information), des offres promotionnelles, un questionnaire de satisfaction suite \u00e0 un s\u00e9jour h\u00f4telier, en mettant \u00e0 la disposition du client un lien de d\u00e9sabonnement figurant au bas de chaque courrier \u00e9lectronique de prospection commerciale.<\/li><li>The personal data protection policy can be consulted in the \"Personal Data Protection Charter\".<\/li><\/ul>\t\t\t\t\t\t\t\t<\/div>\n\t\t\t\t<\/div>\n\t\t\t\t\t<\/div>\n\t\t\t\t<\/div>\n\t\t\t\t<\/div>","protected":false},"excerpt":{"rendered":"<p>Conditions d&rsquo;utilisation Atlanthal ****, l\u2019h\u00f4tel Les Terrasses ***, Ibis Styles Biarritz Plage, l&rsquo;H\u00f4tel Le Bayonne **** et les h\u00f4tels IBIS de Ciboure et de Bayonne, sont ouverts toute l\u2019ann\u00e9e. Tous nos prix sont nets, taxes et services compris. Taxes de s\u00e9jour, boissons et d\u00e9penses personnelles en sus. Les tarifs thalassoth\u00e9rapie (sans h\u00e9bergement) sont valables sur [&hellip;]<\/p>\n","protected":false},"author":21,"featured_media":0,"parent":0,"menu_order":0,"comment_status":"closed","ping_status":"closed","template":"","meta":{"inline_featured_image":false,"footnotes":""},"class_list":["post-163","page","type-page","status-publish","hentry"],"_links":{"self":[{"href":"https:\/\/www.atlanthal.com\/en\/wp-json\/wp\/v2\/pages\/163","targetHints":{"allow":["GET"]}}],"collection":[{"href":"https:\/\/www.atlanthal.com\/en\/wp-json\/wp\/v2\/pages"}],"about":[{"href":"https:\/\/www.atlanthal.com\/en\/wp-json\/wp\/v2\/types\/page"}],"author":[{"embeddable":true,"href":"https:\/\/www.atlanthal.com\/en\/wp-json\/wp\/v2\/users\/21"}],"replies":[{"embeddable":true,"href":"https:\/\/www.atlanthal.com\/en\/wp-json\/wp\/v2\/comments?post=163"}],"version-history":[{"count":28,"href":"https:\/\/www.atlanthal.com\/en\/wp-json\/wp\/v2\/pages\/163\/revisions"}],"predecessor-version":[{"id":4489,"href":"https:\/\/www.atlanthal.com\/en\/wp-json\/wp\/v2\/pages\/163\/revisions\/4489"}],"wp:attachment":[{"href":"https:\/\/www.atlanthal.com\/en\/wp-json\/wp\/v2\/media?parent=163"}],"curies":[{"name":"wp","href":"https:\/\/api.w.org\/{rel}","templated":true}]}}