{"id":1606,"date":"2023-08-10T12:14:46","date_gmt":"2023-08-10T10:14:46","guid":{"rendered":"https:\/\/www.atlanthal.com\/?page_id=1606"},"modified":"2023-11-29T09:51:56","modified_gmt":"2023-11-29T08:51:56","slug":"the-beaches-of-anglet","status":"publish","type":"page","link":"https:\/\/www.atlanthal.com\/en\/tourisme-activites-pays-basque\/les-plages-a-anglet\/","title":{"rendered":"Beaches in Anglet"},"content":{"rendered":"<div data-elementor-type=\"wp-page\" data-elementor-id=\"1606\" class=\"elementor elementor-1606\" data-elementor-post-type=\"page\">\n\t\t\t\t<div class=\"elementor-element elementor-element-79d130a e-con-full e-flex e-con e-parent\" data-id=\"79d130a\" data-element_type=\"container\" data-e-type=\"container\" data-settings=\"{&quot;background_background&quot;:&quot;classic&quot;}\">\n\t\t<div class=\"elementor-element elementor-element-9c2133d e-flex e-con-boxed e-con e-child\" data-id=\"9c2133d\" data-element_type=\"container\" data-e-type=\"container\">\n\t\t\t\t\t<div class=\"e-con-inner\">\n\t\t\t\t<div class=\"elementor-element elementor-element-84d27a8 elementor-widget elementor-widget-heading\" data-id=\"84d27a8\" data-element_type=\"widget\" data-e-type=\"widget\" data-widget_type=\"heading.default\">\n\t\t\t\t<div class=\"elementor-widget-container\">\n\t\t\t\t\t<h1 class=\"elementor-heading-title elementor-size-default\">Beaches in Anglet<\/h1>\t\t\t\t<\/div>\n\t\t\t\t<\/div>\n\t\t\t\t<div class=\"elementor-element elementor-element-f63eed9 elementor-view-default elementor-widget elementor-widget-icon\" data-id=\"f63eed9\" data-element_type=\"widget\" data-e-type=\"widget\" data-widget_type=\"icon.default\">\n\t\t\t\t<div class=\"elementor-widget-container\">\n\t\t\t\t\t\t\t<div class=\"elementor-icon-wrapper\">\n\t\t\t<div class=\"elementor-icon\">\n\t\t\t<svg xmlns=\"http:\/\/www.w3.org\/2000\/svg\" width=\"4721\" height=\"1024\" viewbox=\"0 0 4721 1024\"><title><\/title><g id=\"icomoon-ignore\"><\/g><path d=\"M4719.542 686.137c-14.578-16.391-29.63-30.797-45.731-43.933l-0.218-0.176c-122.573-60.482-570.066-175.569-966.051-221.99-367.583-47.829-787.155-60.53-1213.579-30.621-77.228 5.417-154.039 12.186-230.41 20.283l11.070-1.091c-681.528 68.27-1275.654 115.060-1579.65 85.212-377.404-36.852-611.317-125.343-675.959-162.385l-7.504 2.445c141.201 115.371 309.437 199.358 492.55 241.439l8.695 1.64c377.96 99.496 793.208 119.621 1398.815 54.117 647.481-70.36 1808.145-238.118 2823.135 70.626z\"><\/path><\/svg>\t\t\t<\/div>\n\t\t<\/div>\n\t\t\t\t\t\t<\/div>\n\t\t\t\t<\/div>\n\t\t\t\t\t<\/div>\n\t\t\t\t<\/div>\n\t\t\t\t<\/div>\n\t\t<div class=\"elementor-element elementor-element-538bc11 e-flex e-con-boxed e-con e-parent\" data-id=\"538bc11\" data-element_type=\"container\" data-e-type=\"container\">\n\t\t\t\t\t<div class=\"e-con-inner\">\n\t\t<div class=\"elementor-element elementor-element-b1cbfd2 e-con-full e-flex e-con e-child\" data-id=\"b1cbfd2\" data-element_type=\"container\" data-e-type=\"container\">\n\t\t\t\t<div class=\"elementor-element elementor-element-374e43c elementor-widget elementor-widget-heading\" data-id=\"374e43c\" data-element_type=\"widget\" data-e-type=\"widget\" data-widget_type=\"heading.default\">\n\t\t\t\t<div class=\"elementor-widget-container\">\n\t\t\t\t\t<h2 class=\"elementor-heading-title elementor-size-default\">Anglet beaches to visit<\/h2>\t\t\t\t<\/div>\n\t\t\t\t<\/div>\n\t\t\t\t<div class=\"elementor-element elementor-element-0a8ecd3 elementor-widget elementor-widget-text-editor\" data-id=\"0a8ecd3\" data-element_type=\"widget\" data-e-type=\"widget\" data-widget_type=\"text-editor.default\">\n\t\t\t\t<div class=\"elementor-widget-container\">\n\t\t\t\t\t\t\t\t\t<p>The Anglet coastline stretches for 4.5 km as far as the eye can see. It offers a wide range of activities on the 11 huge beaches that make up Anglet's Basque seaside resort. The Petite Chambre d'Amour beach offers a breathtaking view of the lighthouse, while the Club beach is more for surfers. For families, Marinella beach, Plage de la Barre and Cavaliers beach, just opposite the Atlanthal hotel****, are ideal. Plage des Dunes borders the Chiberta golf course.\u00a0<\/p>\t\t\t\t\t\t\t\t<\/div>\n\t\t\t\t<\/div>\n\t\t\t\t<\/div>\n\t\t<div class=\"elementor-element elementor-element-0ba5cef e-con-full e-flex e-con e-child\" data-id=\"0ba5cef\" data-element_type=\"container\" data-e-type=\"container\">\n\t\t<div class=\"elementor-element elementor-element-7e52ef6 e-flex e-con-boxed e-con e-child\" data-id=\"7e52ef6\" data-element_type=\"container\" data-e-type=\"container\">\n\t\t\t\t\t<div class=\"e-con-inner\">\n\t\t\t\t<div class=\"elementor-element elementor-element-27b5124 elementor-widget__width-auto elementor-widget elementor-widget-image\" data-id=\"27b5124\" data-element_type=\"widget\" data-e-type=\"widget\" data-widget_type=\"image.default\">\n\t\t\t\t<div class=\"elementor-widget-container\">\n\t\t\t\t\t\t\t\t\t\t\t\t\t\t\t<img fetchpriority=\"high\" decoding=\"async\" width=\"800\" height=\"348\" src=\"https:\/\/www.atlanthal.com\/wp-content\/uploads\/2023\/11\/iStock-1181777578-1024x445.jpg\" class=\"attachment-large size-large wp-image-3894\" alt=\"\" srcset=\"https:\/\/www.atlanthal.com\/wp-content\/uploads\/2023\/11\/iStock-1181777578-1024x445.jpg 1024w, https:\/\/www.atlanthal.com\/wp-content\/uploads\/2023\/11\/iStock-1181777578-300x130.jpg 300w, https:\/\/www.atlanthal.com\/wp-content\/uploads\/2023\/11\/iStock-1181777578-768x334.jpg 768w, https:\/\/www.atlanthal.com\/wp-content\/uploads\/2023\/11\/iStock-1181777578-1536x667.jpg 1536w, https:\/\/www.atlanthal.com\/wp-content\/uploads\/2023\/11\/iStock-1181777578-18x8.jpg 18w, https:\/\/www.atlanthal.com\/wp-content\/uploads\/2023\/11\/iStock-1181777578.jpg 1554w\" sizes=\"(max-width: 800px) 100vw, 800px\" title=\"\">\t\t\t\t\t\t\t\t\t\t\t\t\t\t\t<\/div>\n\t\t\t\t<\/div>\n\t\t\t\t<div class=\"elementor-element elementor-element-3bc4840 elementor-widget__width-auto elementor-widget elementor-widget-image\" data-id=\"3bc4840\" data-element_type=\"widget\" data-e-type=\"widget\" data-widget_type=\"image.default\">\n\t\t\t\t<div class=\"elementor-widget-container\">\n\t\t\t\t\t\t\t\t\t\t\t\t\t\t\t<img decoding=\"async\" width=\"768\" height=\"1024\" src=\"https:\/\/www.atlanthal.com\/wp-content\/uploads\/2023\/09\/iStock-1396294969-768x1024.jpg\" class=\"attachment-large size-large wp-image-2695\" alt=\"\" srcset=\"https:\/\/www.atlanthal.com\/wp-content\/uploads\/2023\/09\/iStock-1396294969-768x1024.jpg 768w, https:\/\/www.atlanthal.com\/wp-content\/uploads\/2023\/09\/iStock-1396294969-225x300.jpg 225w, https:\/\/www.atlanthal.com\/wp-content\/uploads\/2023\/09\/iStock-1396294969-9x12.jpg 9w, https:\/\/www.atlanthal.com\/wp-content\/uploads\/2023\/09\/iStock-1396294969.jpg 887w\" sizes=\"(max-width: 768px) 100vw, 768px\" title=\"\">\t\t\t\t\t\t\t\t\t\t\t\t\t\t\t<\/div>\n\t\t\t\t<\/div>\n\t\t\t\t\t<\/div>\n\t\t\t\t<\/div>\n\t\t<div class=\"elementor-element elementor-element-f9a4aea e-flex e-con-boxed e-con e-child\" data-id=\"f9a4aea\" data-element_type=\"container\" data-e-type=\"container\">\n\t\t\t\t\t<div class=\"e-con-inner\">\n\t\t\t\t<div class=\"elementor-element elementor-element-c3f42de elementor-widget__width-auto elementor-widget elementor-widget-image\" data-id=\"c3f42de\" data-element_type=\"widget\" data-e-type=\"widget\" data-widget_type=\"image.default\">\n\t\t\t\t<div class=\"elementor-widget-container\">\n\t\t\t\t\t\t\t\t\t\t\t\t\t\t\t<img decoding=\"async\" width=\"800\" height=\"534\" src=\"https:\/\/www.atlanthal.com\/wp-content\/uploads\/2023\/08\/iStock-1215160221-1024x683.jpg\" class=\"attachment-large size-large wp-image-2520\" alt=\"\" srcset=\"https:\/\/www.atlanthal.com\/wp-content\/uploads\/2023\/08\/iStock-1215160221-1024x683.jpg 1024w, https:\/\/www.atlanthal.com\/wp-content\/uploads\/2023\/08\/iStock-1215160221-300x200.jpg 300w, https:\/\/www.atlanthal.com\/wp-content\/uploads\/2023\/08\/iStock-1215160221-768x513.jpg 768w, https:\/\/www.atlanthal.com\/wp-content\/uploads\/2023\/08\/iStock-1215160221-18x12.jpg 18w, https:\/\/www.atlanthal.com\/wp-content\/uploads\/2023\/08\/iStock-1215160221.jpg 1254w\" sizes=\"(max-width: 800px) 100vw, 800px\" title=\"\">\t\t\t\t\t\t\t\t\t\t\t\t\t\t\t<\/div>\n\t\t\t\t<\/div>\n\t\t\t\t\t<\/div>\n\t\t\t\t<\/div>\n\t\t\t\t<\/div>\n\t\t\t\t\t<\/div>\n\t\t\t\t<\/div>\n\t\t<div class=\"elementor-element elementor-element-5d8cd1f e-con-full e-flex e-con e-parent\" data-id=\"5d8cd1f\" data-element_type=\"container\" data-e-type=\"container\">\n\t\t<div class=\"elementor-element elementor-element-136b967 e-con-full e-flex e-con e-child\" data-id=\"136b967\" data-element_type=\"container\" data-e-type=\"container\">\n\t\t<div class=\"elementor-element elementor-element-b1f020a e-flex e-con-boxed e-con e-child\" data-id=\"b1f020a\" data-element_type=\"container\" data-e-type=\"container\" data-settings=\"{&quot;background_background&quot;:&quot;classic&quot;}\">\n\t\t\t\t\t<div class=\"e-con-inner\">\n\t\t\t\t<div class=\"elementor-element elementor-element-5d253c0 elementor-widget elementor-widget-image\" data-id=\"5d253c0\" data-element_type=\"widget\" data-e-type=\"widget\" data-widget_type=\"image.default\">\n\t\t\t\t<div class=\"elementor-widget-container\">\n\t\t\t\t\t\t\t\t\t\t\t\t\t\t\t<img loading=\"lazy\" decoding=\"async\" width=\"1268\" height=\"827\" src=\"https:\/\/www.atlanthal.com\/wp-content\/uploads\/2023\/11\/iStock-531814445.jpg\" class=\"attachment-full size-full wp-image-3896\" alt=\"\" srcset=\"https:\/\/www.atlanthal.com\/wp-content\/uploads\/2023\/11\/iStock-531814445.jpg 1268w, https:\/\/www.atlanthal.com\/wp-content\/uploads\/2023\/11\/iStock-531814445-300x196.jpg 300w, https:\/\/www.atlanthal.com\/wp-content\/uploads\/2023\/11\/iStock-531814445-1024x668.jpg 1024w, https:\/\/www.atlanthal.com\/wp-content\/uploads\/2023\/11\/iStock-531814445-768x501.jpg 768w, https:\/\/www.atlanthal.com\/wp-content\/uploads\/2023\/11\/iStock-531814445-18x12.jpg 18w\" sizes=\"(max-width: 1268px) 100vw, 1268px\" title=\"\">\t\t\t\t\t\t\t\t\t\t\t\t\t\t\t<\/div>\n\t\t\t\t<\/div>\n\t\t\t\t\t<\/div>\n\t\t\t\t<\/div>\n\t\t\t\t<\/div>\n\t\t<div class=\"elementor-element elementor-element-154eaa3 e-con-full e-flex e-con e-child\" data-id=\"154eaa3\" data-element_type=\"container\" data-e-type=\"container\" data-settings=\"{&quot;background_background&quot;:&quot;classic&quot;}\">\n\t\t\t\t<div class=\"elementor-element elementor-element-bdac826 elementor-widget elementor-widget-heading\" data-id=\"bdac826\" data-element_type=\"widget\" data-e-type=\"widget\" data-widget_type=\"heading.default\">\n\t\t\t\t<div class=\"elementor-widget-container\">\n\t\t\t\t\t<h2 class=\"elementor-heading-title elementor-size-default\">Where to go to the beach in Anglet?<\/h2>\t\t\t\t<\/div>\n\t\t\t\t<\/div>\n\t\t\t\t<div class=\"elementor-element elementor-element-1e74def elementor-widget elementor-widget-text-editor\" data-id=\"1e74def\" data-element_type=\"widget\" data-e-type=\"widget\" data-widget_type=\"text-editor.default\">\n\t\t\t\t<div class=\"elementor-widget-container\">\n\t\t\t\t\t\t\t\t\t<p>If you prefer wilder beaches, head for the less accessible Plage de l'Oc\u00e9an. Anglet's beaches offer rich and varied panoramas to please the eyes and hearts of all.<\/p>\t\t\t\t\t\t\t\t<\/div>\n\t\t\t\t<\/div>\n\t\t\t\t<\/div>\n\t\t\t\t<\/div>\n\t\t<div class=\"elementor-element elementor-element-dd2bfbf e-con-full e-flex e-con e-parent\" data-id=\"dd2bfbf\" data-element_type=\"container\" data-e-type=\"container\">\n\t\t<div class=\"elementor-element elementor-element-a6ff73f e-con-full e-flex e-con e-child\" data-id=\"a6ff73f\" data-element_type=\"container\" data-e-type=\"container\">\n\t\t\t\t<div class=\"elementor-element elementor-element-34f3fc9 elementor-widget elementor-widget-heading\" data-id=\"34f3fc9\" data-element_type=\"widget\" data-e-type=\"widget\" data-widget_type=\"heading.default\">\n\t\t\t\t<div class=\"elementor-widget-container\">\n\t\t\t\t\t<h2 class=\"elementor-heading-title elementor-size-default\">Find out more <\/h2>\t\t\t\t<\/div>\n\t\t\t\t<\/div>\n\t\t\t\t<div class=\"elementor-element elementor-element-c73bf4a elementor-view-default elementor-widget elementor-widget-icon\" data-id=\"c73bf4a\" data-element_type=\"widget\" data-e-type=\"widget\" data-widget_type=\"icon.default\">\n\t\t\t\t<div class=\"elementor-widget-container\">\n\t\t\t\t\t\t\t<div class=\"elementor-icon-wrapper\">\n\t\t\t<div class=\"elementor-icon\">\n\t\t\t<svg xmlns=\"http:\/\/www.w3.org\/2000\/svg\" width=\"4721\" height=\"1024\" viewbox=\"0 0 4721 1024\"><title><\/title><g id=\"icomoon-ignore\"><\/g><path d=\"M4719.542 686.137c-14.578-16.391-29.63-30.797-45.731-43.933l-0.218-0.176c-122.573-60.482-570.066-175.569-966.051-221.99-367.583-47.829-787.155-60.53-1213.579-30.621-77.228 5.417-154.039 12.186-230.41 20.283l11.070-1.091c-681.528 68.27-1275.654 115.060-1579.65 85.212-377.404-36.852-611.317-125.343-675.959-162.385l-7.504 2.445c141.201 115.371 309.437 199.358 492.55 241.439l8.695 1.64c377.96 99.496 793.208 119.621 1398.815 54.117 647.481-70.36 1808.145-238.118 2823.135 70.626z\"><\/path><\/svg>\t\t\t<\/div>\n\t\t<\/div>\n\t\t\t\t\t\t<\/div>\n\t\t\t\t<\/div>\n\t\t\t\t<\/div>\n\t\t<div class=\"elementor-element elementor-element-baeecc9 e-con-full e-flex e-con e-child\" data-id=\"baeecc9\" data-element_type=\"container\" data-e-type=\"container\">\n\t\t\t\t<div class=\"elementor-element elementor-element-93252fd elementor-cta--skin-cover elementor-widget__width-auto cta-fond-anim btn-cta-wave elementor-widget elementor-widget-call-to-action\" data-id=\"93252fd\" data-element_type=\"widget\" data-e-type=\"widget\" data-widget_type=\"call-to-action.default\">\n\t\t\t\t<div class=\"elementor-widget-container\">\n\t\t\t\t\t\t\t<div class=\"elementor-cta\">\n\t\t\t\t\t<div class=\"elementor-cta__bg-wrapper\">\n\t\t\t\t<div class=\"elementor-cta__bg elementor-bg\" style=\"background-image: url(https:\/\/www.atlanthal.com\/wp-content\/uploads\/2023\/08\/iStock-157773958-1024x683.jpg);\" role=\"img\" aria-label=\"surfer hitting the lip\"><\/div>\n\t\t\t\t<div class=\"elementor-cta__bg-overlay\"><\/div>\n\t\t\t<\/div>\n\t\t\t\t\t\t\t<div class=\"elementor-cta__content\">\n\t\t\t\t\n\t\t\t\t\t\t\t\t\t<h2 class=\"elementor-cta__title elementor-cta__content-item elementor-content-item\">\n\t\t\t\t\t\tSurfing in Anglet\t\t\t\t\t<\/h2>\n\t\t\t\t\n\t\t\t\t\n\t\t\t\t\t\t\t\t\t<div class=\"elementor-cta__button-wrapper elementor-cta__content-item elementor-content-item\">\n\t\t\t\t\t<a class=\"elementor-cta__button elementor-button elementor-size-\" href=\"https:\/\/www.atlanthal.com\/en\/tourisme-activites-pays-basque\/le-surf-a-anglet\/\">\n\t\t\t\t\t\tFind out more\t\t\t\t\t<\/a>\n\t\t\t\t\t<\/div>\n\t\t\t\t\t\t\t<\/div>\n\t\t\t\t\t\t<\/div>\n\t\t\t\t\t\t<\/div>\n\t\t\t\t<\/div>\n\t\t\t\t<\/div>\n\t\t<div class=\"elementor-element elementor-element-e99ea58 e-con-full e-flex e-con e-child\" data-id=\"e99ea58\" data-element_type=\"container\" data-e-type=\"container\">\n\t\t\t\t<div class=\"elementor-element elementor-element-76f5561 elementor-cta--skin-cover elementor-widget__width-auto cta-fond-anim   btn-cta-wave elementor-widget elementor-widget-call-to-action\" data-id=\"76f5561\" data-element_type=\"widget\" data-e-type=\"widget\" data-widget_type=\"call-to-action.default\">\n\t\t\t\t<div class=\"elementor-widget-container\">\n\t\t\t\t\t\t\t<div class=\"elementor-cta\">\n\t\t\t\t\t<div class=\"elementor-cta__bg-wrapper\">\n\t\t\t\t<div class=\"elementor-cta__bg elementor-bg\" style=\"background-image: url(https:\/\/www.atlanthal.com\/wp-content\/uploads\/2023\/08\/iStock-1090805386-1024x602.jpg);\" role=\"img\" aria-label=\"Ainhoa village square lined with traditional houses in southwestern France.\"><\/div>\n\t\t\t\t<div class=\"elementor-cta__bg-overlay\"><\/div>\n\t\t\t<\/div>\n\t\t\t\t\t\t\t<div class=\"elementor-cta__content\">\n\t\t\t\t\n\t\t\t\t\t\t\t\t\t<h2 class=\"elementor-cta__title elementor-cta__content-item elementor-content-item\">\n\t\t\t\t\t\tCulture &amp; Heritage\t\t\t\t\t<\/h2>\n\t\t\t\t\n\t\t\t\t\n\t\t\t\t\t\t\t\t\t<div class=\"elementor-cta__button-wrapper elementor-cta__content-item elementor-content-item\">\n\t\t\t\t\t<a class=\"elementor-cta__button elementor-button elementor-size-\" href=\"https:\/\/www.atlanthal.com\/en\/tourisme-activites-pays-basque\/culture-patrimoine-visiter-anglet\/\">\n\t\t\t\t\t\tFind out more\t\t\t\t\t<\/a>\n\t\t\t\t\t<\/div>\n\t\t\t\t\t\t\t<\/div>\n\t\t\t\t\t\t<\/div>\n\t\t\t\t\t\t<\/div>\n\t\t\t\t<\/div>\n\t\t\t\t<\/div>\n\t\t<div class=\"elementor-element elementor-element-7a6229c e-con-full e-flex e-con e-child\" data-id=\"7a6229c\" data-element_type=\"container\" data-e-type=\"container\">\n\t\t\t\t<div class=\"elementor-element elementor-element-caa1298 elementor-cta--skin-cover elementor-widget__width-auto cta-fond-anim  btn-cta-wave elementor-widget elementor-widget-call-to-action\" data-id=\"caa1298\" data-element_type=\"widget\" data-e-type=\"widget\" data-widget_type=\"call-to-action.default\">\n\t\t\t\t<div class=\"elementor-widget-container\">\n\t\t\t\t\t\t\t<div class=\"elementor-cta\">\n\t\t\t\t\t<div class=\"elementor-cta__bg-wrapper\">\n\t\t\t\t<div class=\"elementor-cta__bg elementor-bg\" style=\"background-image: url(https:\/\/www.atlanthal.com\/wp-content\/uploads\/2023\/08\/iStock-1342622169-1024x683.jpg);\" role=\"img\" aria-label=\"pine forest in the south west of France taken with a wide angle\"><\/div>\n\t\t\t\t<div class=\"elementor-cta__bg-overlay\"><\/div>\n\t\t\t<\/div>\n\t\t\t\t\t\t\t<div class=\"elementor-cta__content\">\n\t\t\t\t\n\t\t\t\t\t\t\t\t\t<h2 class=\"elementor-cta__title elementor-cta__content-item elementor-content-item\">\n\t\t\t\t\t\tForest walk\t\t\t\t\t<\/h2>\n\t\t\t\t\n\t\t\t\t\n\t\t\t\t\t\t\t\t\t<div class=\"elementor-cta__button-wrapper elementor-cta__content-item elementor-content-item\">\n\t\t\t\t\t<a class=\"elementor-cta__button elementor-button elementor-size-\" href=\"https:\/\/www.atlanthal.com\/en\/tourisme-activites-pays-basque\/balade-en-foret-activites-anglet\/\">\n\t\t\t\t\t\tFind out more\t\t\t\t\t<\/a>\n\t\t\t\t\t<\/div>\n\t\t\t\t\t\t\t<\/div>\n\t\t\t\t\t\t<\/div>\n\t\t\t\t\t\t<\/div>\n\t\t\t\t<\/div>\n\t\t\t\t<\/div>\n\t\t\t\t<\/div>\n\t\t\t\t<\/div>","protected":false},"excerpt":{"rendered":"<p>Les Plages \u00e0 Anglet Les plages d\u2019Anglet \u00e0 visiter La c\u00f4te d\u2019Anglet s\u2019\u00e9tend sur 4,5 km \u00e0 perte de vue. Elle offre une diversit\u00e9 d\u2019activit\u00e9s sur les 11 immenses plages d\u2019Anglet que compte la station baln\u00e9aire basque. La plage de la Petite Chambre d\u2019Amour offre une vue imprenable sur le phare tandis que la plage [&hellip;]<\/p>\n","protected":false},"author":21,"featured_media":0,"parent":365,"menu_order":0,"comment_status":"closed","ping_status":"closed","template":"","meta":{"inline_featured_image":false,"footnotes":""},"class_list":["post-1606","page","type-page","status-publish","hentry"],"_links":{"self":[{"href":"https:\/\/www.atlanthal.com\/en\/wp-json\/wp\/v2\/pages\/1606","targetHints":{"allow":["GET"]}}],"collection":[{"href":"https:\/\/www.atlanthal.com\/en\/wp-json\/wp\/v2\/pages"}],"about":[{"href":"https:\/\/www.atlanthal.com\/en\/wp-json\/wp\/v2\/types\/page"}],"author":[{"embeddable":true,"href":"https:\/\/www.atlanthal.com\/en\/wp-json\/wp\/v2\/users\/21"}],"replies":[{"embeddable":true,"href":"https:\/\/www.atlanthal.com\/en\/wp-json\/wp\/v2\/comments?post=1606"}],"version-history":[{"count":58,"href":"https:\/\/www.atlanthal.com\/en\/wp-json\/wp\/v2\/pages\/1606\/revisions"}],"predecessor-version":[{"id":3899,"href":"https:\/\/www.atlanthal.com\/en\/wp-json\/wp\/v2\/pages\/1606\/revisions\/3899"}],"up":[{"embeddable":true,"href":"https:\/\/www.atlanthal.com\/en\/wp-json\/wp\/v2\/pages\/365"}],"wp:attachment":[{"href":"https:\/\/www.atlanthal.com\/en\/wp-json\/wp\/v2\/media?parent=1606"}],"curies":[{"name":"wp","href":"https:\/\/api.w.org\/{rel}","templated":true}]}}